{"id":1217,"date":"2024-12-29T00:39:42","date_gmt":"2024-12-28T23:39:42","guid":{"rendered":"https:\/\/www.vaweld.hu\/?post_type=product&#038;p=1217"},"modified":"2025-05-18T22:18:30","modified_gmt":"2025-05-18T20:18:30","slug":"uszokapu-vaz","status":"publish","type":"product","link":"https:\/\/www.vaweld.hu\/index.php\/termek\/uszokapu-vaz\/","title":{"rendered":"\u00dasz\u00f3kapu v\u00e1z"},"content":{"rendered":"<p>Be\u00e9p\u00edt\u00e9sre k\u00e9sz ac\u00e9l \u00fasz\u00f3kapu v\u00e1z szett kieg\u00e9sz\u00edt\u0151kkel, v\u00e1laszthat\u00f3 m\u00e9retben \u00e9s v\u00e1laszthat\u00f3 fel\u00fcletkezel\u00e9ssel. Az \u00fasz\u00f3kapu keret\u00fcnk a t\u00f6bbi, \u00e1ltal\u00e1nosan a forgalomban kaphat\u00f3 (40x40mm) kapu v\u00e1zhoz k\u00e9pest er\u0151sebb alapanyag felhaszn\u00e1l\u00e1ssal (60x60mm) k\u00e9sz\u00fcl! Az \u00fasz\u00f3kapu keret minden esetben rendel\u00e9sre k\u00e9sz\u00fcl, r\u00f6vid gy\u00e1rt\u00e1si id\u0151vel \u00e9s kimagasl\u00f3 min\u0151s\u00e9gben!<\/p>\n<p>V\u00e1lassza ki a sz\u00fcks\u00e9ges magass\u00e1got \u00e9s sz\u00e9less\u00e9get, majd a fel\u00fcletkezel\u00e9st, \u00edgy azonnal l\u00e1thatja az \u00fasz\u00f3kapu keret \u00e1r\u00e1t. Legyen ak\u00e1r nat\u00far festetlen vagy porfestett fel\u00fclettel az eszt\u00e9tikus megjelen\u00e9s\u00e9rt \u00e9s tart\u00f3s korr\u00f3zi\u00f3v\u00e9delem\u00e9rt, horganyzott fel\u00fclettel az \u00fasz\u00f3kapu keret kiv\u00e1l\u00f3 tart\u00f3ss\u00e1g\u00e1\u00e9rt, vagy ak\u00e1r horganyzott+porfestett v\u00e1ltozatban az \u00e9vtizedeken \u00e1t tart\u00f3 gondoz\u00e1smentess\u00e9g\u00e9rt!<\/p>\n<p>Az \u00fasz\u00f3kapu keret elektrosztatikus porfestett v\u00e1ltozat\u00e1n\u00e1l alap esetben is 2 r\u00e9teg (1 alapoz\u00f3 r\u00e9teg + 1 \u00a0sz\u00edn) biztos\u00edtja a fel\u00fcleti rozsda kialakul\u00e1s\u00e1nak megakad\u00e1lyoz\u00e1s\u00e1t \u00e9s a korr\u00f3zi\u00f3 elleni v\u00e9delmet!<\/p>\n<div id=\"attachment_3606\" style=\"width: 1034px\" class=\"wp-caption aligncenter\"><a href=\"https:\/\/www.vaweld.hu\/wp-content\/uploads\/2025\/01\/kapu-meretezes-scaled.webp\"><img decoding=\"async\" aria-describedby=\"caption-attachment-3606\" class=\"wp-image-3606 size-large lazyload\" data-src=\"https:\/\/www.vaweld.hu\/wp-content\/uploads\/2025\/01\/kapu-meretezes-1024x724.webp\" alt=\"Ac\u00e9l \u00fasz\u00f3kapu m\u00e9retez\u00e9s\" width=\"1024\" height=\"724\" data-srcset=\"https:\/\/www.vaweld.hu\/wp-content\/uploads\/2025\/01\/kapu-meretezes-1024x724.webp 1024w, https:\/\/www.vaweld.hu\/wp-content\/uploads\/2025\/01\/kapu-meretezes-300x212.webp 300w, https:\/\/www.vaweld.hu\/wp-content\/uploads\/2025\/01\/kapu-meretezes-768x543.webp 768w, https:\/\/www.vaweld.hu\/wp-content\/uploads\/2025\/01\/kapu-meretezes-1536x1086.webp 1536w, https:\/\/www.vaweld.hu\/wp-content\/uploads\/2025\/01\/kapu-meretezes-2048x1448.webp 2048w, https:\/\/www.vaweld.hu\/wp-content\/uploads\/2025\/01\/kapu-meretezes-800x566.webp 800w\" data-sizes=\"(max-width: 1024px) 100vw, 1024px\" src=\"data:image\/svg+xml;base64,PHN2ZyB3aWR0aD0iMSIgaGVpZ2h0PSIxIiB4bWxucz0iaHR0cDovL3d3dy53My5vcmcvMjAwMC9zdmciPjwvc3ZnPg==\" style=\"--smush-placeholder-width: 1024px; --smush-placeholder-aspect-ratio: 1024\/724;\" \/><\/a><p id=\"caption-attachment-3606\" class=\"wp-caption-text\">\u00dasz\u00f3kapu v\u00e1zaink m\u00e9retez\u00e9se: A kapu magass\u00e1ga a g\u00f6rg\u0151k \u00e9p\u00edt\u00e9si m\u00e9ret\u00e9vel, 7cm als\u00f3 h\u00e9zaggal egy\u00fctt \u00e9tend\u0151! Pl.: Egy 150cm magas kapu eset\u00e9ben a t\u00e9nyleges v\u00e1zm\u00e9ret = 150cm-7cm=143cm !<\/p><\/div>\n<p>V\u00e1laszthat\u00f3 \u00fasz\u00f3kapu keret fel\u00fcletkezel\u00e9s:<\/p>\n<ul>\n<li>Nat\u00far (fel\u00fcletkezel\u00e9s n\u00e9lk\u00fcli festetlen ac\u00e9l)<\/li>\n<li>Porfestett (2 r\u00e9tegben)<\/li>\n<li>Horganyzott (horganyzott, festetlen fel\u00fclet)<\/li>\n<li>Horganyzott+Porfestett (horganyzott fel\u00fclet + 1 r\u00e9teg v\u00e1laszthat\u00f3 sz\u00edn)<\/li>\n<\/ul>\n<p>V\u00e1laszthat\u00f3 sz\u00ednek a kapu v\u00e1zakhoz (elektrosztatikus porfest\u00e9ssel):<\/p>\n<ul>\n<li>Fekete (RAL9005)<\/li>\n<li>Antracit sz\u00fcrke (RAL7016)<\/li>\n<li>Barna (RAL8017)<\/li>\n<li>Feh\u00e9r (RAL9010)<\/li>\n<li>Z\u00f6ld (RAL6002)<\/li>\n<li>Sz\u00fcrke (RAL7001)<\/li>\n<\/ul>\n<p>Az \u00fasz\u00f3kapu szett tartalma:<\/p>\n<ul>\n<li>1db \u00fasz\u00f3kapu v\u00e1z, ac\u00e9l alapanyag eset\u00e9ben 60x60x2mm z\u00e1rtszelv\u00e9ny felhaszn\u00e1l\u00e1s\u00e1val, \u00fasz\u00f3kapu s\u00ednnel egybe hegesztve (ac\u00e9l szett eset\u00e9n C60 s\u00edn)<\/li>\n<li>2db 5 csap\u00e1gyas, horganyzott ac\u00e9l festetlen \u00fasz\u00f3kapu g\u00f6rg\u0151<\/li>\n<li>1db horganyzott ac\u00e9l festetlen felfut\u00f3 g\u00f6rg\u0151<\/li>\n<li>1db horganyzott ac\u00e9l festetlenals\u00f3 \u00fctk\u00f6z\u0151\/fogad\u00f3 konzol<\/li>\n<li>2db gumis fels\u0151 megvezet\u0151 g\u00f6rg\u0151 (festetlen)<\/li>\n<\/ul>\n<p>&nbsp;<\/p>\n<p>Az \u00fasz\u00f3kapu v\u00e1zakat minden esetben megrendel\u00e9sre gy\u00e1rtjuk! A szerkezetek gy\u00e1rt\u00e1s\u00e1hoz sz\u00fcks\u00e9ges id\u0151 a rendel\u00e9s lead\u00e1s\u00e1t\u00f3l sz\u00e1m\u00edtott kb 2-3 h\u00e9t!<\/p>\n<p>A szerkezetek szakszer\u0171 be\u00e9p\u00edt\u00e9se az \u00d6n, vagy kivitelez\u0151j\u00e9nek feladata! A felt\u00fcntetett \u00e1rak a sz\u00e1ll\u00edt\u00e1st \u00e9s be\u00e9p\u00edt\u00e9st nem tartalamazz\u00e1k.<\/p>\n<p>Az \u00fasz\u00f3kapu v\u00e1z szem\u00e9lyes \u00e1tv\u00e9telre lehet\u0151s\u00e9g van m\u0171hely\u00fcnkn\u00e9l (Balatonf\u0171zf\u0151).<\/p>\n<p>A kisz\u00e1ll\u00edt\u00e1st jelenleg 60km-es k\u00f6rzetben v\u00e1llaljuk fel\u00e1r ellen\u00e9ben!<\/p>\n","protected":false},"excerpt":{"rendered":"<p>\u00dasz\u00f3kapu v\u00e1z, kieg\u00e9sz\u00edt\u0151kkel, v\u00e1laszthat\u00f3 fel\u00fcletkezel\u00e9ssel.<\/p>\n<p>A szett tartalma:<\/p>\n<ul>\n<li>1db \u00fasz\u00f3kapu v\u00e1z, ac\u00e9l alapanyag eset\u00e9ben 60x60x2mm z\u00e1rtszelv\u00e9ny felhaszn\u00e1l\u00e1s\u00e1val, \u00fasz\u00f3kapu s\u00ednnel egybe hegesztve (ac\u00e9l szett eset\u00e9n C60 s\u00edn)<\/li>\n<li>2db 5 csap\u00e1gyas, horganyzott ac\u00e9l festetlen \u00fasz\u00f3kapu g\u00f6rg\u0151<\/li>\n<li>1db horganyzott ac\u00e9l festetlen felfut\u00f3 g\u00f6rg\u0151<\/li>\n<li>1db horganyzott ac\u00e9l festetlenals\u00f3 \u00fctk\u00f6z\u0151\/fogad\u00f3 konzol<\/li>\n<li>2db gumis fels\u0151 megvezet\u0151 g\u00f6rg\u0151 (festetlen)<\/li>\n<\/ul>\n","protected":false},"featured_media":2185,"template":"","meta":[],"product_cat":[41,64,74],"product_tag":[],"class_list":{"0":"post-1217","1":"product","2":"type-product","3":"status-publish","4":"has-post-thumbnail","6":"product_cat-termekeink","7":"product_cat-kapuk-keritesek","8":"product_cat-uszokapu-szettek","9":"product_shipping_class-extra-nagy","11":"first","12":"onbackorder","13":"sold-individually","14":"taxable","15":"shipping-taxable","16":"purchasable","17":"product-type-variable"},"yoast_head":"<!-- This site is optimized with the Yoast SEO Premium plugin v23.8 (Yoast SEO v27.5) - https:\/\/yoast.com\/product\/yoast-seo-premium-wordpress\/ -->\n<title>\u00daSZ\u00d3KAPU V\u00c1Z - Kiv\u00e1l\u00f3 min\u0151s\u00e9g, kedvez\u0151 \u00e1ron!<\/title>\n<meta name=\"description\" content=\"Be\u00e9p\u00edt\u00e9sre k\u00e9sz \u00fasz\u00f3kapu keret kieg\u00e9sz\u00edt\u0151kkel. A kapu v\u00e1z szett tartalma:1db \u00fasz\u00f3kapu v\u00e1z, 2db 5 csap\u00e1gyas \u00fasz\u00f3kapu g\u00f6rg\u0151, 2db gumis fels\u0151 megvezet\u0151 g\u00f6rg\u0151\u2026\" \/>\n<meta name=\"robots\" content=\"index, follow, max-snippet:-1, max-image-preview:large, max-video-preview:-1\" \/>\n<link rel=\"canonical\" href=\"https:\/\/www.vaweld.hu\/index.php\/termek\/uszokapu-vaz\/\" \/>\n<meta property=\"og:locale\" content=\"hu_HU\" \/>\n<meta property=\"og:type\" content=\"article\" \/>\n<meta property=\"og:title\" content=\"\u00dasz\u00f3kapu v\u00e1z\" \/>\n<meta property=\"og:description\" content=\"Be\u00e9p\u00edt\u00e9sre k\u00e9sz \u00fasz\u00f3kapu keret kieg\u00e9sz\u00edt\u0151kkel. A kapu v\u00e1z szett tartalma:1db \u00fasz\u00f3kapu v\u00e1z, 2db 5 csap\u00e1gyas \u00fasz\u00f3kapu g\u00f6rg\u0151, 2db gumis fels\u0151 megvezet\u0151 g\u00f6rg\u0151\u2026\" \/>\n<meta property=\"og:url\" content=\"https:\/\/www.vaweld.hu\/index.php\/termek\/uszokapu-vaz\/\" \/>\n<meta property=\"og:site_name\" content=\"VAWELD.HU\" \/>\n<meta property=\"article:publisher\" content=\"https:\/\/www.facebook.com\/VargaAttilaEv\" \/>\n<meta property=\"article:modified_time\" content=\"2025-05-18T20:18:30+00:00\" \/>\n<meta property=\"og:image\" content=\"https:\/\/www.vaweld.hu\/wp-content\/uploads\/2024\/12\/watermarkPhoto-0.avif\" \/>\n\t<meta property=\"og:image:width\" content=\"1183\" \/>\n\t<meta property=\"og:image:height\" content=\"1183\" \/>\n\t<meta property=\"og:image:type\" content=\"image\/jpeg\" \/>\n<meta name=\"twitter:card\" content=\"summary_large_image\" \/>\n<script type=\"application\/ld+json\" class=\"yoast-schema-graph\">{\"@context\":\"https:\\\/\\\/schema.org\",\"@graph\":[{\"@type\":\"WebPage\",\"@id\":\"https:\\\/\\\/www.vaweld.hu\\\/index.php\\\/termek\\\/uszokapu-vaz\\\/\",\"url\":\"https:\\\/\\\/www.vaweld.hu\\\/index.php\\\/termek\\\/uszokapu-vaz\\\/\",\"name\":\"\u00daSZ\u00d3KAPU V\u00c1Z - Kiv\u00e1l\u00f3 min\u0151s\u00e9g, kedvez\u0151 \u00e1ron!\",\"isPartOf\":{\"@id\":\"https:\\\/\\\/www.vaweld.hu\\\/#website\"},\"primaryImageOfPage\":{\"@id\":\"https:\\\/\\\/www.vaweld.hu\\\/index.php\\\/termek\\\/uszokapu-vaz\\\/#primaryimage\"},\"image\":{\"@id\":\"https:\\\/\\\/www.vaweld.hu\\\/index.php\\\/termek\\\/uszokapu-vaz\\\/#primaryimage\"},\"thumbnailUrl\":\"https:\\\/\\\/www.vaweld.hu\\\/wp-content\\\/uploads\\\/2024\\\/12\\\/watermarkPhoto-0.avif\",\"datePublished\":\"2024-12-28T23:39:42+00:00\",\"dateModified\":\"2025-05-18T20:18:30+00:00\",\"description\":\"Be\u00e9p\u00edt\u00e9sre k\u00e9sz \u00fasz\u00f3kapu keret kieg\u00e9sz\u00edt\u0151kkel. A kapu v\u00e1z szett tartalma:1db \u00fasz\u00f3kapu v\u00e1z, 2db 5 csap\u00e1gyas \u00fasz\u00f3kapu g\u00f6rg\u0151, 2db gumis fels\u0151 megvezet\u0151 g\u00f6rg\u0151\u2026\",\"breadcrumb\":{\"@id\":\"https:\\\/\\\/www.vaweld.hu\\\/index.php\\\/termek\\\/uszokapu-vaz\\\/#breadcrumb\"},\"inLanguage\":\"hu\",\"potentialAction\":[{\"@type\":\"ReadAction\",\"target\":[\"https:\\\/\\\/www.vaweld.hu\\\/index.php\\\/termek\\\/uszokapu-vaz\\\/\"]}]},{\"@type\":\"ImageObject\",\"inLanguage\":\"hu\",\"@id\":\"https:\\\/\\\/www.vaweld.hu\\\/index.php\\\/termek\\\/uszokapu-vaz\\\/#primaryimage\",\"url\":\"https:\\\/\\\/www.vaweld.hu\\\/wp-content\\\/uploads\\\/2024\\\/12\\\/watermarkPhoto-0.avif\",\"contentUrl\":\"https:\\\/\\\/www.vaweld.hu\\\/wp-content\\\/uploads\\\/2024\\\/12\\\/watermarkPhoto-0.avif\",\"width\":1183,\"height\":1183,\"caption\":\"\u00dasz\u00f3kapu v\u00e1z, \u00fasz\u00f3kapu keret, \u00fasz\u00f3kapu, \u00fasz\u00f3kapu szett\"},{\"@type\":\"BreadcrumbList\",\"@id\":\"https:\\\/\\\/www.vaweld.hu\\\/index.php\\\/termek\\\/uszokapu-vaz\\\/#breadcrumb\",\"itemListElement\":[{\"@type\":\"ListItem\",\"position\":1,\"name\":\"Kezd\u0151lap\",\"item\":\"https:\\\/\\\/www.vaweld.hu\\\/\"},{\"@type\":\"ListItem\",\"position\":2,\"name\":\"Shop\",\"item\":\"https:\\\/\\\/www.vaweld.hu\\\/index.php\\\/shop\\\/\"},{\"@type\":\"ListItem\",\"position\":3,\"name\":\"\u00dasz\u00f3kapu v\u00e1z\"}]},{\"@type\":\"WebSite\",\"@id\":\"https:\\\/\\\/www.vaweld.hu\\\/#website\",\"url\":\"https:\\\/\\\/www.vaweld.hu\\\/\",\"name\":\"VAWELD.HU\",\"description\":\"VAWELD.HU Gy\u00e1rt\u00e1s, hegeszt\u00e9s, kaputechnika\",\"potentialAction\":[{\"@type\":\"SearchAction\",\"target\":{\"@type\":\"EntryPoint\",\"urlTemplate\":\"https:\\\/\\\/www.vaweld.hu\\\/?s={search_term_string}\"},\"query-input\":{\"@type\":\"PropertyValueSpecification\",\"valueRequired\":true,\"valueName\":\"search_term_string\"}}],\"inLanguage\":\"hu\"}]}<\/script>\n<!-- \/ Yoast SEO Premium plugin. -->","yoast_head_json":{"title":"\u00daSZ\u00d3KAPU V\u00c1Z - Kiv\u00e1l\u00f3 min\u0151s\u00e9g, kedvez\u0151 \u00e1ron!","description":"Be\u00e9p\u00edt\u00e9sre k\u00e9sz \u00fasz\u00f3kapu keret kieg\u00e9sz\u00edt\u0151kkel. A kapu v\u00e1z szett tartalma:1db \u00fasz\u00f3kapu v\u00e1z, 2db 5 csap\u00e1gyas \u00fasz\u00f3kapu g\u00f6rg\u0151, 2db gumis fels\u0151 megvezet\u0151 g\u00f6rg\u0151\u2026","robots":{"index":"index","follow":"follow","max-snippet":"max-snippet:-1","max-image-preview":"max-image-preview:large","max-video-preview":"max-video-preview:-1"},"canonical":"https:\/\/www.vaweld.hu\/index.php\/termek\/uszokapu-vaz\/","og_locale":"hu_HU","og_type":"article","og_title":"\u00dasz\u00f3kapu v\u00e1z","og_description":"Be\u00e9p\u00edt\u00e9sre k\u00e9sz \u00fasz\u00f3kapu keret kieg\u00e9sz\u00edt\u0151kkel. A kapu v\u00e1z szett tartalma:1db \u00fasz\u00f3kapu v\u00e1z, 2db 5 csap\u00e1gyas \u00fasz\u00f3kapu g\u00f6rg\u0151, 2db gumis fels\u0151 megvezet\u0151 g\u00f6rg\u0151\u2026","og_url":"https:\/\/www.vaweld.hu\/index.php\/termek\/uszokapu-vaz\/","og_site_name":"VAWELD.HU","article_publisher":"https:\/\/www.facebook.com\/VargaAttilaEv","article_modified_time":"2025-05-18T20:18:30+00:00","og_image":[{"width":1183,"height":1183,"url":"https:\/\/www.vaweld.hu\/wp-content\/uploads\/2024\/12\/watermarkPhoto-0.avif","type":"image\/jpeg"}],"twitter_card":"summary_large_image","schema":{"@context":"https:\/\/schema.org","@graph":[{"@type":"WebPage","@id":"https:\/\/www.vaweld.hu\/index.php\/termek\/uszokapu-vaz\/","url":"https:\/\/www.vaweld.hu\/index.php\/termek\/uszokapu-vaz\/","name":"\u00daSZ\u00d3KAPU V\u00c1Z - Kiv\u00e1l\u00f3 min\u0151s\u00e9g, kedvez\u0151 \u00e1ron!","isPartOf":{"@id":"https:\/\/www.vaweld.hu\/#website"},"primaryImageOfPage":{"@id":"https:\/\/www.vaweld.hu\/index.php\/termek\/uszokapu-vaz\/#primaryimage"},"image":{"@id":"https:\/\/www.vaweld.hu\/index.php\/termek\/uszokapu-vaz\/#primaryimage"},"thumbnailUrl":"https:\/\/www.vaweld.hu\/wp-content\/uploads\/2024\/12\/watermarkPhoto-0.avif","datePublished":"2024-12-28T23:39:42+00:00","dateModified":"2025-05-18T20:18:30+00:00","description":"Be\u00e9p\u00edt\u00e9sre k\u00e9sz \u00fasz\u00f3kapu keret kieg\u00e9sz\u00edt\u0151kkel. A kapu v\u00e1z szett tartalma:1db \u00fasz\u00f3kapu v\u00e1z, 2db 5 csap\u00e1gyas \u00fasz\u00f3kapu g\u00f6rg\u0151, 2db gumis fels\u0151 megvezet\u0151 g\u00f6rg\u0151\u2026","breadcrumb":{"@id":"https:\/\/www.vaweld.hu\/index.php\/termek\/uszokapu-vaz\/#breadcrumb"},"inLanguage":"hu","potentialAction":[{"@type":"ReadAction","target":["https:\/\/www.vaweld.hu\/index.php\/termek\/uszokapu-vaz\/"]}]},{"@type":"ImageObject","inLanguage":"hu","@id":"https:\/\/www.vaweld.hu\/index.php\/termek\/uszokapu-vaz\/#primaryimage","url":"https:\/\/www.vaweld.hu\/wp-content\/uploads\/2024\/12\/watermarkPhoto-0.avif","contentUrl":"https:\/\/www.vaweld.hu\/wp-content\/uploads\/2024\/12\/watermarkPhoto-0.avif","width":1183,"height":1183,"caption":"\u00dasz\u00f3kapu v\u00e1z, \u00fasz\u00f3kapu keret, \u00fasz\u00f3kapu, \u00fasz\u00f3kapu szett"},{"@type":"BreadcrumbList","@id":"https:\/\/www.vaweld.hu\/index.php\/termek\/uszokapu-vaz\/#breadcrumb","itemListElement":[{"@type":"ListItem","position":1,"name":"Kezd\u0151lap","item":"https:\/\/www.vaweld.hu\/"},{"@type":"ListItem","position":2,"name":"Shop","item":"https:\/\/www.vaweld.hu\/index.php\/shop\/"},{"@type":"ListItem","position":3,"name":"\u00dasz\u00f3kapu v\u00e1z"}]},{"@type":"WebSite","@id":"https:\/\/www.vaweld.hu\/#website","url":"https:\/\/www.vaweld.hu\/","name":"VAWELD.HU","description":"VAWELD.HU Gy\u00e1rt\u00e1s, hegeszt\u00e9s, kaputechnika","potentialAction":[{"@type":"SearchAction","target":{"@type":"EntryPoint","urlTemplate":"https:\/\/www.vaweld.hu\/?s={search_term_string}"},"query-input":{"@type":"PropertyValueSpecification","valueRequired":true,"valueName":"search_term_string"}}],"inLanguage":"hu"}]}},"jetpack_sharing_enabled":true,"_links":{"self":[{"href":"https:\/\/www.vaweld.hu\/index.php\/wp-json\/wp\/v2\/product\/1217","targetHints":{"allow":["GET"]}}],"collection":[{"href":"https:\/\/www.vaweld.hu\/index.php\/wp-json\/wp\/v2\/product"}],"about":[{"href":"https:\/\/www.vaweld.hu\/index.php\/wp-json\/wp\/v2\/types\/product"}],"wp:featuredmedia":[{"embeddable":true,"href":"https:\/\/www.vaweld.hu\/index.php\/wp-json\/wp\/v2\/media\/2185"}],"wp:attachment":[{"href":"https:\/\/www.vaweld.hu\/index.php\/wp-json\/wp\/v2\/media?parent=1217"}],"wp:term":[{"taxonomy":"product_cat","embeddable":true,"href":"https:\/\/www.vaweld.hu\/index.php\/wp-json\/wp\/v2\/product_cat?post=1217"},{"taxonomy":"product_tag","embeddable":true,"href":"https:\/\/www.vaweld.hu\/index.php\/wp-json\/wp\/v2\/product_tag?post=1217"}],"curies":[{"name":"wp","href":"https:\/\/api.w.org\/{rel}","templated":true}]}}