{"id":1378,"date":"2024-12-29T16:32:27","date_gmt":"2024-12-29T15:32:27","guid":{"rendered":"https:\/\/www.vaweld.hu\/?post_type=product&#038;p=1378"},"modified":"2025-11-20T20:08:38","modified_gmt":"2025-11-20T19:08:38","slug":"csoallito-allvany","status":"publish","type":"product","link":"https:\/\/www.vaweld.hu\/index.php\/termek\/csoallito-allvany\/","title":{"rendered":"Cs\u0151\u00e1ll\u00edt\u00f3 munkabak, cs\u0151tart\u00f3 \u00e1llv\u00e1ny"},"content":{"rendered":"<p>Ipari cs\u0151szerel\u00e9si munk\u00e1latok, hegeszt\u00e9si munkafolyamatok elengedhetetlen eszk\u00f6ze.<\/p>\n<ul>\n<li>praktikus, \u00f6sszecsukhat\u00f3 kivitel<\/li>\n<li>stabil, massz\u00edv alapanyagokb\u00f3l k\u00e9sz\u00fclt<\/li>\n<li>egyszer\u0171en kezelhet\u0151<\/li>\n<li>strapab\u00edr\u00f3 szerkezet<\/li>\n<\/ul>\n","protected":false},"excerpt":{"rendered":"<p>Ipari cs\u0151szerel\u00e9si munk\u00e1latok, hegeszt\u00e9si munkafolyamatok elengedhetetlen eszk\u00f6ze. praktikus, \u00f6sszecsukhat\u00f3 kivitel stabil, massz\u00edv alapanyagokb\u00f3l k\u00e9sz\u00fclt egyszer\u0171en kezelhet\u0151 strapab\u00edr\u00f3 szerkezet<\/p>\n","protected":false},"featured_media":1380,"template":"","meta":[],"product_cat":[68],"product_tag":[],"class_list":{"0":"post-1378","1":"product","2":"type-product","3":"status-publish","4":"has-post-thumbnail","6":"product_cat-szerszamok-ipari-felhasznalasra","7":"product_shipping_class-nagy","9":"first","10":"outofstock","11":"taxable","12":"shipping-taxable","13":"purchasable","14":"product-type-simple"},"yoast_head":"<!-- This site is optimized with the Yoast SEO Premium plugin v23.8 (Yoast SEO v27.4) - https:\/\/yoast.com\/product\/yoast-seo-premium-wordpress\/ -->\n<title>CS\u0150\u00c1LL\u00cdT\u00d3 MUNKABAK -CS\u0150TAR\u00d3 \u00c1LLV\u00c1NY - CS\u0150BAK<\/title>\n<meta name=\"description\" content=\"Ipari cs\u0151szerel\u00e9si munk\u00e1latok, hegeszt\u00e9si munkafolyamatok elengedhetetlen eszk\u00f6ze.praktikus, \u00f6sszecsukhat\u00f3 kivitelstabil, massz\u00edv alapanyagokb\u00f3l k\u2026\" \/>\n<meta name=\"robots\" content=\"index, follow, max-snippet:-1, max-image-preview:large, max-video-preview:-1\" \/>\n<link rel=\"canonical\" href=\"https:\/\/www.vaweld.hu\/index.php\/termek\/csoallito-allvany\/\" \/>\n<meta property=\"og:locale\" content=\"hu_HU\" \/>\n<meta property=\"og:type\" content=\"article\" \/>\n<meta property=\"og:title\" content=\"Cs\u0151\u00e1ll\u00edt\u00f3 munkabak, cs\u0151tart\u00f3 \u00e1llv\u00e1ny\" \/>\n<meta property=\"og:description\" content=\"Ipari cs\u0151szerel\u00e9si munk\u00e1latok, hegeszt\u00e9si munkafolyamatok elengedhetetlen eszk\u00f6ze.praktikus, \u00f6sszecsukhat\u00f3 kivitelstabil, massz\u00edv alapanyagokb\u00f3l k\u2026\" \/>\n<meta property=\"og:url\" content=\"https:\/\/www.vaweld.hu\/index.php\/termek\/csoallito-allvany\/\" \/>\n<meta property=\"og:site_name\" content=\"VAWELD.HU\" \/>\n<meta property=\"article:publisher\" content=\"https:\/\/www.facebook.com\/VargaAttilaEv\" \/>\n<meta property=\"article:modified_time\" content=\"2025-11-20T19:08:38+00:00\" \/>\n<meta property=\"og:image\" content=\"https:\/\/www.vaweld.hu\/wp-content\/uploads\/2024\/12\/DSC_0776-scaled.webp\" \/>\n\t<meta property=\"og:image:width\" content=\"1707\" \/>\n\t<meta property=\"og:image:height\" content=\"2560\" \/>\n\t<meta property=\"og:image:type\" content=\"image\/webp\" \/>\n<meta name=\"twitter:card\" content=\"summary_large_image\" \/>\n<script type=\"application\/ld+json\" class=\"yoast-schema-graph\">{\"@context\":\"https:\\\/\\\/schema.org\",\"@graph\":[{\"@type\":\"WebPage\",\"@id\":\"https:\\\/\\\/www.vaweld.hu\\\/index.php\\\/termek\\\/csoallito-allvany\\\/\",\"url\":\"https:\\\/\\\/www.vaweld.hu\\\/index.php\\\/termek\\\/csoallito-allvany\\\/\",\"name\":\"CS\u0150\u00c1LL\u00cdT\u00d3 MUNKABAK -CS\u0150TAR\u00d3 \u00c1LLV\u00c1NY - CS\u0150BAK\",\"isPartOf\":{\"@id\":\"https:\\\/\\\/www.vaweld.hu\\\/#website\"},\"primaryImageOfPage\":{\"@id\":\"https:\\\/\\\/www.vaweld.hu\\\/index.php\\\/termek\\\/csoallito-allvany\\\/#primaryimage\"},\"image\":{\"@id\":\"https:\\\/\\\/www.vaweld.hu\\\/index.php\\\/termek\\\/csoallito-allvany\\\/#primaryimage\"},\"thumbnailUrl\":\"https:\\\/\\\/www.vaweld.hu\\\/wp-content\\\/uploads\\\/2024\\\/12\\\/DSC_0776-scaled.webp\",\"datePublished\":\"2024-12-29T15:32:27+00:00\",\"dateModified\":\"2025-11-20T19:08:38+00:00\",\"description\":\"Ipari cs\u0151szerel\u00e9si munk\u00e1latok, hegeszt\u00e9si munkafolyamatok elengedhetetlen eszk\u00f6ze.praktikus, \u00f6sszecsukhat\u00f3 kivitelstabil, massz\u00edv alapanyagokb\u00f3l k\u2026\",\"breadcrumb\":{\"@id\":\"https:\\\/\\\/www.vaweld.hu\\\/index.php\\\/termek\\\/csoallito-allvany\\\/#breadcrumb\"},\"inLanguage\":\"hu\",\"potentialAction\":[{\"@type\":\"ReadAction\",\"target\":[\"https:\\\/\\\/www.vaweld.hu\\\/index.php\\\/termek\\\/csoallito-allvany\\\/\"]}]},{\"@type\":\"ImageObject\",\"inLanguage\":\"hu\",\"@id\":\"https:\\\/\\\/www.vaweld.hu\\\/index.php\\\/termek\\\/csoallito-allvany\\\/#primaryimage\",\"url\":\"https:\\\/\\\/www.vaweld.hu\\\/wp-content\\\/uploads\\\/2024\\\/12\\\/DSC_0776-scaled.webp\",\"contentUrl\":\"https:\\\/\\\/www.vaweld.hu\\\/wp-content\\\/uploads\\\/2024\\\/12\\\/DSC_0776-scaled.webp\",\"width\":1707,\"height\":2560,\"caption\":\"cs\u0151tart\u00f3 \u00e1llv\u00e1ny, cs\u0151\u00e1ll\u00edt\u00f3 bak, munkabak\"},{\"@type\":\"BreadcrumbList\",\"@id\":\"https:\\\/\\\/www.vaweld.hu\\\/index.php\\\/termek\\\/csoallito-allvany\\\/#breadcrumb\",\"itemListElement\":[{\"@type\":\"ListItem\",\"position\":1,\"name\":\"Kezd\u0151lap\",\"item\":\"https:\\\/\\\/www.vaweld.hu\\\/\"},{\"@type\":\"ListItem\",\"position\":2,\"name\":\"Shop\",\"item\":\"https:\\\/\\\/www.vaweld.hu\\\/index.php\\\/shop\\\/\"},{\"@type\":\"ListItem\",\"position\":3,\"name\":\"Cs\u0151\u00e1ll\u00edt\u00f3 munkabak, cs\u0151tart\u00f3 \u00e1llv\u00e1ny\"}]},{\"@type\":\"WebSite\",\"@id\":\"https:\\\/\\\/www.vaweld.hu\\\/#website\",\"url\":\"https:\\\/\\\/www.vaweld.hu\\\/\",\"name\":\"VAWELD.HU\",\"description\":\"VAWELD.HU Gy\u00e1rt\u00e1s, hegeszt\u00e9s, kaputechnika\",\"potentialAction\":[{\"@type\":\"SearchAction\",\"target\":{\"@type\":\"EntryPoint\",\"urlTemplate\":\"https:\\\/\\\/www.vaweld.hu\\\/?s={search_term_string}\"},\"query-input\":{\"@type\":\"PropertyValueSpecification\",\"valueRequired\":true,\"valueName\":\"search_term_string\"}}],\"inLanguage\":\"hu\"}]}<\/script>\n<!-- \/ Yoast SEO Premium plugin. -->","yoast_head_json":{"title":"CS\u0150\u00c1LL\u00cdT\u00d3 MUNKABAK -CS\u0150TAR\u00d3 \u00c1LLV\u00c1NY - CS\u0150BAK","description":"Ipari cs\u0151szerel\u00e9si munk\u00e1latok, hegeszt\u00e9si munkafolyamatok elengedhetetlen eszk\u00f6ze.praktikus, \u00f6sszecsukhat\u00f3 kivitelstabil, massz\u00edv alapanyagokb\u00f3l k\u2026","robots":{"index":"index","follow":"follow","max-snippet":"max-snippet:-1","max-image-preview":"max-image-preview:large","max-video-preview":"max-video-preview:-1"},"canonical":"https:\/\/www.vaweld.hu\/index.php\/termek\/csoallito-allvany\/","og_locale":"hu_HU","og_type":"article","og_title":"Cs\u0151\u00e1ll\u00edt\u00f3 munkabak, cs\u0151tart\u00f3 \u00e1llv\u00e1ny","og_description":"Ipari cs\u0151szerel\u00e9si munk\u00e1latok, hegeszt\u00e9si munkafolyamatok elengedhetetlen eszk\u00f6ze.praktikus, \u00f6sszecsukhat\u00f3 kivitelstabil, massz\u00edv alapanyagokb\u00f3l k\u2026","og_url":"https:\/\/www.vaweld.hu\/index.php\/termek\/csoallito-allvany\/","og_site_name":"VAWELD.HU","article_publisher":"https:\/\/www.facebook.com\/VargaAttilaEv","article_modified_time":"2025-11-20T19:08:38+00:00","og_image":[{"width":1707,"height":2560,"url":"https:\/\/www.vaweld.hu\/wp-content\/uploads\/2024\/12\/DSC_0776-scaled.webp","type":"image\/webp"}],"twitter_card":"summary_large_image","schema":{"@context":"https:\/\/schema.org","@graph":[{"@type":"WebPage","@id":"https:\/\/www.vaweld.hu\/index.php\/termek\/csoallito-allvany\/","url":"https:\/\/www.vaweld.hu\/index.php\/termek\/csoallito-allvany\/","name":"CS\u0150\u00c1LL\u00cdT\u00d3 MUNKABAK -CS\u0150TAR\u00d3 \u00c1LLV\u00c1NY - CS\u0150BAK","isPartOf":{"@id":"https:\/\/www.vaweld.hu\/#website"},"primaryImageOfPage":{"@id":"https:\/\/www.vaweld.hu\/index.php\/termek\/csoallito-allvany\/#primaryimage"},"image":{"@id":"https:\/\/www.vaweld.hu\/index.php\/termek\/csoallito-allvany\/#primaryimage"},"thumbnailUrl":"https:\/\/www.vaweld.hu\/wp-content\/uploads\/2024\/12\/DSC_0776-scaled.webp","datePublished":"2024-12-29T15:32:27+00:00","dateModified":"2025-11-20T19:08:38+00:00","description":"Ipari cs\u0151szerel\u00e9si munk\u00e1latok, hegeszt\u00e9si munkafolyamatok elengedhetetlen eszk\u00f6ze.praktikus, \u00f6sszecsukhat\u00f3 kivitelstabil, massz\u00edv alapanyagokb\u00f3l k\u2026","breadcrumb":{"@id":"https:\/\/www.vaweld.hu\/index.php\/termek\/csoallito-allvany\/#breadcrumb"},"inLanguage":"hu","potentialAction":[{"@type":"ReadAction","target":["https:\/\/www.vaweld.hu\/index.php\/termek\/csoallito-allvany\/"]}]},{"@type":"ImageObject","inLanguage":"hu","@id":"https:\/\/www.vaweld.hu\/index.php\/termek\/csoallito-allvany\/#primaryimage","url":"https:\/\/www.vaweld.hu\/wp-content\/uploads\/2024\/12\/DSC_0776-scaled.webp","contentUrl":"https:\/\/www.vaweld.hu\/wp-content\/uploads\/2024\/12\/DSC_0776-scaled.webp","width":1707,"height":2560,"caption":"cs\u0151tart\u00f3 \u00e1llv\u00e1ny, cs\u0151\u00e1ll\u00edt\u00f3 bak, munkabak"},{"@type":"BreadcrumbList","@id":"https:\/\/www.vaweld.hu\/index.php\/termek\/csoallito-allvany\/#breadcrumb","itemListElement":[{"@type":"ListItem","position":1,"name":"Kezd\u0151lap","item":"https:\/\/www.vaweld.hu\/"},{"@type":"ListItem","position":2,"name":"Shop","item":"https:\/\/www.vaweld.hu\/index.php\/shop\/"},{"@type":"ListItem","position":3,"name":"Cs\u0151\u00e1ll\u00edt\u00f3 munkabak, cs\u0151tart\u00f3 \u00e1llv\u00e1ny"}]},{"@type":"WebSite","@id":"https:\/\/www.vaweld.hu\/#website","url":"https:\/\/www.vaweld.hu\/","name":"VAWELD.HU","description":"VAWELD.HU Gy\u00e1rt\u00e1s, hegeszt\u00e9s, kaputechnika","potentialAction":[{"@type":"SearchAction","target":{"@type":"EntryPoint","urlTemplate":"https:\/\/www.vaweld.hu\/?s={search_term_string}"},"query-input":{"@type":"PropertyValueSpecification","valueRequired":true,"valueName":"search_term_string"}}],"inLanguage":"hu"}]}},"jetpack_sharing_enabled":true,"_links":{"self":[{"href":"https:\/\/www.vaweld.hu\/index.php\/wp-json\/wp\/v2\/product\/1378","targetHints":{"allow":["GET"]}}],"collection":[{"href":"https:\/\/www.vaweld.hu\/index.php\/wp-json\/wp\/v2\/product"}],"about":[{"href":"https:\/\/www.vaweld.hu\/index.php\/wp-json\/wp\/v2\/types\/product"}],"wp:featuredmedia":[{"embeddable":true,"href":"https:\/\/www.vaweld.hu\/index.php\/wp-json\/wp\/v2\/media\/1380"}],"wp:attachment":[{"href":"https:\/\/www.vaweld.hu\/index.php\/wp-json\/wp\/v2\/media?parent=1378"}],"wp:term":[{"taxonomy":"product_cat","embeddable":true,"href":"https:\/\/www.vaweld.hu\/index.php\/wp-json\/wp\/v2\/product_cat?post=1378"},{"taxonomy":"product_tag","embeddable":true,"href":"https:\/\/www.vaweld.hu\/index.php\/wp-json\/wp\/v2\/product_tag?post=1378"}],"curies":[{"name":"wp","href":"https:\/\/api.w.org\/{rel}","templated":true}]}}