{"id":1383,"date":"2024-12-29T16:44:47","date_gmt":"2024-12-29T15:44:47","guid":{"rendered":"https:\/\/www.vaweld.hu\/?post_type=product&#038;p=1383"},"modified":"2025-11-20T20:08:37","modified_gmt":"2025-11-20T19:08:37","slug":"csokozpontosito-csoallito-bilincs","status":"publish","type":"product","link":"https:\/\/www.vaweld.hu\/index.php\/termek\/csokozpontosito-csoallito-bilincs\/","title":{"rendered":"Cs\u0151k\u00f6zpontos\u00edt\u00f3, cs\u0151\u00e1ll\u00edt\u00f3 bilincs"},"content":{"rendered":"<p>Cs\u0151k\u00f6zpontos\u00edt\u00f3 c\u00e9lszersz\u00e1m 150-300mm \u00e1tm\u00e9r\u0151ig<\/p>\n<p>Cs\u0151szerel\u00e9si hegeszt\u00e9si munk\u00e1latok elengedhetetlen eszk\u00f6ze a cs\u0151k\u00f6zpontos\u00edt\u00f3 bilincs. Seg\u00edts\u00e9g\u00e9vel nagyban n\u00f6velhet\u0151 a termel\u00e9s hat\u00e9konys\u00e1ga, min\u0151s\u00e9ge. El\u0151gy\u00e1rt\u00e1s sor\u00e1n, de helysz\u00edni munk\u00e1khoz is kiv\u00e1l\u00f3 t\u00e1rsa a hegeszt\u0151nek, cs\u0151szerel\u0151nek.<\/p>\n<ul>\n<li>gyors\u00edtja, egyszer\u0171bb\u00e9 teszi a munkafolyamatot<\/li>\n<li>kiv\u00e1l\u00f3 \u00e1r-\u00e9rt\u00e9k ar\u00e1ny<\/li>\n<li>egyszer\u0171 haszn\u00e1lat<\/li>\n<li>T\u00f6bb m\u00e9retben kaphat\u00f3<\/li>\n<\/ul>\n<p>Tekintse meg t\u00f6bbi ipari felhaszn\u00e1l\u00e1sra sz\u00e1nt term\u00e9k\u00fcnket is!<\/p>\n<p><a href=\"https:\/\/www.vaweld.hu\/index.php\/termekkategoria\/termekeink\/szerszamok-ipari-felhasznalasra\/\">SZERSZ\u00c1MOK IPARI FELHASZN\u00c1L\u00c1SRA<\/a><\/p>\n<p>&nbsp;<\/p>\n<p>Lakoss\u00e1gi f\u00e9mszerkezetgy\u00e1rt\u00e1si munk\u00e1inkat megtekinthet facebook oldalunkon is!<\/p>\n<p><a href=\"https:\/\/www.facebook.com\/share\/1A4ALPsK6B\/?mibextid=wwXIfr\">FACEBOOK<\/a><\/p>\n","protected":false},"excerpt":{"rendered":"<p>Cs\u0151k\u00f6zpontos\u00edt\u00f3 c\u00e9lszersz\u00e1m 150-300mm \u00e1tm\u00e9r\u0151ig Cs\u0151szerel\u00e9si hegeszt\u00e9si munk\u00e1latok elengedhetetlen eszk\u00f6ze a cs\u0151k\u00f6zpontos\u00edt\u00f3 bilincs. Seg\u00edts\u00e9g\u00e9vel nagyban n\u00f6velhet\u0151 a termel\u00e9s hat\u00e9konys\u00e1ga, min\u0151s\u00e9ge. El\u0151gy\u00e1rt\u00e1s sor\u00e1n, de helysz\u00edni munk\u00e1khoz is kiv\u00e1l\u00f3 t\u00e1rsa a hegeszt\u0151nek, cs\u0151szerel\u0151nek. gyors\u00edtja, egyszer\u0171bb\u00e9 teszi a munkafolyamatot kiv\u00e1l\u00f3 \u00e1r-\u00e9rt\u00e9k ar\u00e1ny egyszer\u0171 haszn\u00e1lat T\u00f6bb m\u00e9retben kaphat\u00f3 Tekintse meg t\u00f6bbi ipari felhaszn\u00e1l\u00e1sra sz\u00e1nt term\u00e9k\u00fcnket is! SZERSZ\u00c1MOK IPARI FELHASZN\u00c1L\u00c1SRA &nbsp; [&hellip;]<\/p>\n","protected":false},"featured_media":1384,"template":"","meta":[],"product_cat":[68],"product_tag":[],"class_list":{"0":"post-1383","1":"product","2":"type-product","3":"status-publish","4":"has-post-thumbnail","6":"product_cat-szerszamok-ipari-felhasznalasra","7":"product_shipping_class-nagy","9":"first","10":"outofstock","11":"taxable","12":"shipping-taxable","13":"purchasable","14":"product-type-simple"},"yoast_head":"<!-- This site is optimized with the Yoast SEO Premium plugin v23.8 (Yoast SEO v27.5) - https:\/\/yoast.com\/product\/yoast-seo-premium-wordpress\/ -->\n<title>CS\u0150K\u00d6ZPONTOS\u00cdT\u00d3- CS\u0150\u00c1LL\u00cdT\u00d3 BILINCS-<\/title>\n<meta name=\"description\" content=\"Cs\u0151szerel\u00e9si hegeszt\u00e9si munk\u00e1latok elengedhetetlen eszk\u00f6ze a cs\u0151k\u00f6zpontos\u00edt\u00f3 bilincs. Seg\u00edts\u00e9g\u00e9vel nagyban n\u00f6velhet\u0151 a termel\u00e9s hat\u00e9konys\u00e1ga, min\u0151s\u00e9ge. El\u2026\" \/>\n<meta name=\"robots\" content=\"index, follow, max-snippet:-1, max-image-preview:large, max-video-preview:-1\" \/>\n<link rel=\"canonical\" href=\"https:\/\/www.vaweld.hu\/index.php\/termek\/csokozpontosito-csoallito-bilincs\/\" \/>\n<meta property=\"og:locale\" content=\"hu_HU\" \/>\n<meta property=\"og:type\" content=\"article\" \/>\n<meta property=\"og:title\" content=\"Cs\u0151k\u00f6zpontos\u00edt\u00f3, cs\u0151\u00e1ll\u00edt\u00f3 bilincs\" \/>\n<meta property=\"og:description\" content=\"Cs\u0151szerel\u00e9si hegeszt\u00e9si munk\u00e1latok elengedhetetlen eszk\u00f6ze a cs\u0151k\u00f6zpontos\u00edt\u00f3 bilincs. Seg\u00edts\u00e9g\u00e9vel nagyban n\u00f6velhet\u0151 a termel\u00e9s hat\u00e9konys\u00e1ga, min\u0151s\u00e9ge. El\u2026\" \/>\n<meta property=\"og:url\" content=\"https:\/\/www.vaweld.hu\/index.php\/termek\/csokozpontosito-csoallito-bilincs\/\" \/>\n<meta property=\"og:site_name\" content=\"VAWELD.HU\" \/>\n<meta property=\"article:publisher\" content=\"https:\/\/www.facebook.com\/VargaAttilaEv\" \/>\n<meta property=\"article:modified_time\" content=\"2025-11-20T19:08:37+00:00\" \/>\n<meta property=\"og:image\" content=\"https:\/\/www.vaweld.hu\/wp-content\/uploads\/2024\/12\/DSC_0860-scaled-e1735983064142.webp\" \/>\n\t<meta property=\"og:image:width\" content=\"1707\" \/>\n\t<meta property=\"og:image:height\" content=\"1707\" \/>\n\t<meta property=\"og:image:type\" content=\"image\/webp\" \/>\n<meta name=\"twitter:card\" content=\"summary_large_image\" \/>\n<script type=\"application\/ld+json\" class=\"yoast-schema-graph\">{\"@context\":\"https:\\\/\\\/schema.org\",\"@graph\":[{\"@type\":\"WebPage\",\"@id\":\"https:\\\/\\\/www.vaweld.hu\\\/index.php\\\/termek\\\/csokozpontosito-csoallito-bilincs\\\/\",\"url\":\"https:\\\/\\\/www.vaweld.hu\\\/index.php\\\/termek\\\/csokozpontosito-csoallito-bilincs\\\/\",\"name\":\"CS\u0150K\u00d6ZPONTOS\u00cdT\u00d3- CS\u0150\u00c1LL\u00cdT\u00d3 BILINCS-\",\"isPartOf\":{\"@id\":\"https:\\\/\\\/www.vaweld.hu\\\/#website\"},\"primaryImageOfPage\":{\"@id\":\"https:\\\/\\\/www.vaweld.hu\\\/index.php\\\/termek\\\/csokozpontosito-csoallito-bilincs\\\/#primaryimage\"},\"image\":{\"@id\":\"https:\\\/\\\/www.vaweld.hu\\\/index.php\\\/termek\\\/csokozpontosito-csoallito-bilincs\\\/#primaryimage\"},\"thumbnailUrl\":\"https:\\\/\\\/www.vaweld.hu\\\/wp-content\\\/uploads\\\/2024\\\/12\\\/DSC_0860-scaled-e1735983064142.webp\",\"datePublished\":\"2024-12-29T15:44:47+00:00\",\"dateModified\":\"2025-11-20T19:08:37+00:00\",\"description\":\"Cs\u0151szerel\u00e9si hegeszt\u00e9si munk\u00e1latok elengedhetetlen eszk\u00f6ze a cs\u0151k\u00f6zpontos\u00edt\u00f3 bilincs. Seg\u00edts\u00e9g\u00e9vel nagyban n\u00f6velhet\u0151 a termel\u00e9s hat\u00e9konys\u00e1ga, min\u0151s\u00e9ge. El\u2026\",\"breadcrumb\":{\"@id\":\"https:\\\/\\\/www.vaweld.hu\\\/index.php\\\/termek\\\/csokozpontosito-csoallito-bilincs\\\/#breadcrumb\"},\"inLanguage\":\"hu\",\"potentialAction\":[{\"@type\":\"ReadAction\",\"target\":[\"https:\\\/\\\/www.vaweld.hu\\\/index.php\\\/termek\\\/csokozpontosito-csoallito-bilincs\\\/\"]}]},{\"@type\":\"ImageObject\",\"inLanguage\":\"hu\",\"@id\":\"https:\\\/\\\/www.vaweld.hu\\\/index.php\\\/termek\\\/csokozpontosito-csoallito-bilincs\\\/#primaryimage\",\"url\":\"https:\\\/\\\/www.vaweld.hu\\\/wp-content\\\/uploads\\\/2024\\\/12\\\/DSC_0860-scaled-e1735983064142.webp\",\"contentUrl\":\"https:\\\/\\\/www.vaweld.hu\\\/wp-content\\\/uploads\\\/2024\\\/12\\\/DSC_0860-scaled-e1735983064142.webp\",\"width\":1707,\"height\":1707,\"caption\":\"cs\u0151k\u00f6zpontos\u00edt\u00f3 bilincs, cs\u0151\u00e1ll\u00edt\u00f3 bilincs\"},{\"@type\":\"BreadcrumbList\",\"@id\":\"https:\\\/\\\/www.vaweld.hu\\\/index.php\\\/termek\\\/csokozpontosito-csoallito-bilincs\\\/#breadcrumb\",\"itemListElement\":[{\"@type\":\"ListItem\",\"position\":1,\"name\":\"Kezd\u0151lap\",\"item\":\"https:\\\/\\\/www.vaweld.hu\\\/\"},{\"@type\":\"ListItem\",\"position\":2,\"name\":\"Shop\",\"item\":\"https:\\\/\\\/www.vaweld.hu\\\/index.php\\\/shop\\\/\"},{\"@type\":\"ListItem\",\"position\":3,\"name\":\"Cs\u0151k\u00f6zpontos\u00edt\u00f3, cs\u0151\u00e1ll\u00edt\u00f3 bilincs\"}]},{\"@type\":\"WebSite\",\"@id\":\"https:\\\/\\\/www.vaweld.hu\\\/#website\",\"url\":\"https:\\\/\\\/www.vaweld.hu\\\/\",\"name\":\"VAWELD.HU\",\"description\":\"VAWELD.HU Gy\u00e1rt\u00e1s, hegeszt\u00e9s, kaputechnika\",\"potentialAction\":[{\"@type\":\"SearchAction\",\"target\":{\"@type\":\"EntryPoint\",\"urlTemplate\":\"https:\\\/\\\/www.vaweld.hu\\\/?s={search_term_string}\"},\"query-input\":{\"@type\":\"PropertyValueSpecification\",\"valueRequired\":true,\"valueName\":\"search_term_string\"}}],\"inLanguage\":\"hu\"}]}<\/script>\n<!-- \/ Yoast SEO Premium plugin. -->","yoast_head_json":{"title":"CS\u0150K\u00d6ZPONTOS\u00cdT\u00d3- CS\u0150\u00c1LL\u00cdT\u00d3 BILINCS-","description":"Cs\u0151szerel\u00e9si hegeszt\u00e9si munk\u00e1latok elengedhetetlen eszk\u00f6ze a cs\u0151k\u00f6zpontos\u00edt\u00f3 bilincs. Seg\u00edts\u00e9g\u00e9vel nagyban n\u00f6velhet\u0151 a termel\u00e9s hat\u00e9konys\u00e1ga, min\u0151s\u00e9ge. El\u2026","robots":{"index":"index","follow":"follow","max-snippet":"max-snippet:-1","max-image-preview":"max-image-preview:large","max-video-preview":"max-video-preview:-1"},"canonical":"https:\/\/www.vaweld.hu\/index.php\/termek\/csokozpontosito-csoallito-bilincs\/","og_locale":"hu_HU","og_type":"article","og_title":"Cs\u0151k\u00f6zpontos\u00edt\u00f3, cs\u0151\u00e1ll\u00edt\u00f3 bilincs","og_description":"Cs\u0151szerel\u00e9si hegeszt\u00e9si munk\u00e1latok elengedhetetlen eszk\u00f6ze a cs\u0151k\u00f6zpontos\u00edt\u00f3 bilincs. Seg\u00edts\u00e9g\u00e9vel nagyban n\u00f6velhet\u0151 a termel\u00e9s hat\u00e9konys\u00e1ga, min\u0151s\u00e9ge. El\u2026","og_url":"https:\/\/www.vaweld.hu\/index.php\/termek\/csokozpontosito-csoallito-bilincs\/","og_site_name":"VAWELD.HU","article_publisher":"https:\/\/www.facebook.com\/VargaAttilaEv","article_modified_time":"2025-11-20T19:08:37+00:00","og_image":[{"width":1707,"height":1707,"url":"https:\/\/www.vaweld.hu\/wp-content\/uploads\/2024\/12\/DSC_0860-scaled-e1735983064142.webp","type":"image\/webp"}],"twitter_card":"summary_large_image","schema":{"@context":"https:\/\/schema.org","@graph":[{"@type":"WebPage","@id":"https:\/\/www.vaweld.hu\/index.php\/termek\/csokozpontosito-csoallito-bilincs\/","url":"https:\/\/www.vaweld.hu\/index.php\/termek\/csokozpontosito-csoallito-bilincs\/","name":"CS\u0150K\u00d6ZPONTOS\u00cdT\u00d3- CS\u0150\u00c1LL\u00cdT\u00d3 BILINCS-","isPartOf":{"@id":"https:\/\/www.vaweld.hu\/#website"},"primaryImageOfPage":{"@id":"https:\/\/www.vaweld.hu\/index.php\/termek\/csokozpontosito-csoallito-bilincs\/#primaryimage"},"image":{"@id":"https:\/\/www.vaweld.hu\/index.php\/termek\/csokozpontosito-csoallito-bilincs\/#primaryimage"},"thumbnailUrl":"https:\/\/www.vaweld.hu\/wp-content\/uploads\/2024\/12\/DSC_0860-scaled-e1735983064142.webp","datePublished":"2024-12-29T15:44:47+00:00","dateModified":"2025-11-20T19:08:37+00:00","description":"Cs\u0151szerel\u00e9si hegeszt\u00e9si munk\u00e1latok elengedhetetlen eszk\u00f6ze a cs\u0151k\u00f6zpontos\u00edt\u00f3 bilincs. Seg\u00edts\u00e9g\u00e9vel nagyban n\u00f6velhet\u0151 a termel\u00e9s hat\u00e9konys\u00e1ga, min\u0151s\u00e9ge. El\u2026","breadcrumb":{"@id":"https:\/\/www.vaweld.hu\/index.php\/termek\/csokozpontosito-csoallito-bilincs\/#breadcrumb"},"inLanguage":"hu","potentialAction":[{"@type":"ReadAction","target":["https:\/\/www.vaweld.hu\/index.php\/termek\/csokozpontosito-csoallito-bilincs\/"]}]},{"@type":"ImageObject","inLanguage":"hu","@id":"https:\/\/www.vaweld.hu\/index.php\/termek\/csokozpontosito-csoallito-bilincs\/#primaryimage","url":"https:\/\/www.vaweld.hu\/wp-content\/uploads\/2024\/12\/DSC_0860-scaled-e1735983064142.webp","contentUrl":"https:\/\/www.vaweld.hu\/wp-content\/uploads\/2024\/12\/DSC_0860-scaled-e1735983064142.webp","width":1707,"height":1707,"caption":"cs\u0151k\u00f6zpontos\u00edt\u00f3 bilincs, cs\u0151\u00e1ll\u00edt\u00f3 bilincs"},{"@type":"BreadcrumbList","@id":"https:\/\/www.vaweld.hu\/index.php\/termek\/csokozpontosito-csoallito-bilincs\/#breadcrumb","itemListElement":[{"@type":"ListItem","position":1,"name":"Kezd\u0151lap","item":"https:\/\/www.vaweld.hu\/"},{"@type":"ListItem","position":2,"name":"Shop","item":"https:\/\/www.vaweld.hu\/index.php\/shop\/"},{"@type":"ListItem","position":3,"name":"Cs\u0151k\u00f6zpontos\u00edt\u00f3, cs\u0151\u00e1ll\u00edt\u00f3 bilincs"}]},{"@type":"WebSite","@id":"https:\/\/www.vaweld.hu\/#website","url":"https:\/\/www.vaweld.hu\/","name":"VAWELD.HU","description":"VAWELD.HU Gy\u00e1rt\u00e1s, hegeszt\u00e9s, kaputechnika","potentialAction":[{"@type":"SearchAction","target":{"@type":"EntryPoint","urlTemplate":"https:\/\/www.vaweld.hu\/?s={search_term_string}"},"query-input":{"@type":"PropertyValueSpecification","valueRequired":true,"valueName":"search_term_string"}}],"inLanguage":"hu"}]}},"jetpack_sharing_enabled":true,"_links":{"self":[{"href":"https:\/\/www.vaweld.hu\/index.php\/wp-json\/wp\/v2\/product\/1383","targetHints":{"allow":["GET"]}}],"collection":[{"href":"https:\/\/www.vaweld.hu\/index.php\/wp-json\/wp\/v2\/product"}],"about":[{"href":"https:\/\/www.vaweld.hu\/index.php\/wp-json\/wp\/v2\/types\/product"}],"wp:featuredmedia":[{"embeddable":true,"href":"https:\/\/www.vaweld.hu\/index.php\/wp-json\/wp\/v2\/media\/1384"}],"wp:attachment":[{"href":"https:\/\/www.vaweld.hu\/index.php\/wp-json\/wp\/v2\/media?parent=1383"}],"wp:term":[{"taxonomy":"product_cat","embeddable":true,"href":"https:\/\/www.vaweld.hu\/index.php\/wp-json\/wp\/v2\/product_cat?post=1383"},{"taxonomy":"product_tag","embeddable":true,"href":"https:\/\/www.vaweld.hu\/index.php\/wp-json\/wp\/v2\/product_tag?post=1383"}],"curies":[{"name":"wp","href":"https:\/\/api.w.org\/{rel}","templated":true}]}}